{"id":9,"date":"2025-10-02T19:14:29","date_gmt":"2025-10-02T19:14:29","guid":{"rendered":"http:\/\/signo3d.com\/about\/"},"modified":"2026-01-13T17:02:27","modified_gmt":"2026-01-13T17:02:27","slug":"about","status":"publish","type":"page","link":"https:\/\/signo3d.com\/en\/about\/","title":{"rendered":"About us"},"content":{"rendered":"<div class=\"wp-block-uagb-container uagb-block-tifzekrn alignfull uagb-is-root-container\"><div class=\"uagb-container-inner-blocks-wrap\">\n<div class=\"wp-block-uagb-info-box uagb-block-cjdbwzh3 uagb-infobox__content-wrap  uagb-infobox-icon-above-title uagb-infobox-image-valign-top\"><div class=\"uagb-ifb-content\"><div class=\"uagb-ifb-title-wrap\"><h4 class=\"uagb-ifb-title\">Creamos espacios que nacen de ideas bien pensadas<\/h4><\/div><p class=\"uagb-ifb-desc\">Unimos arquitectura, dise\u00f1o y visualizaci\u00f3n 3D para desarrollar proyectos claros, eficientes y visualmente impactantes, acompa\u00f1ando a nuestros clientes en cada etapa del proceso.<\/p><\/div><\/div>\n<\/div><\/div>\n\n\n\n<div class=\"wp-block-uagb-container uagb-block-6be40f00 alignfull uagb-is-root-container\"><div class=\"uagb-container-inner-blocks-wrap\">\n<div class=\"wp-block-uagb-container uagb-layout-grid uagb-block-2b8639e4\">\n<div class=\"wp-block-uagb-advanced-heading uagb-block-b946363e\"><p class=\"uagb-heading-text\"><br>WHO WE ARE<\/p><p class=\"uagb-desc-text\">We are a team of well-rounded professionals in the fields of Architecture and Construction, with 12 years of experience. We are led by Architect Jairo Prieto, a graduate of Universidad Piloto de Colombia (2004) with a Specialization in Project Management from the same university (2014).<br><br>We provide support in architectural design, visualization, drafting, and civil works.<\/p><\/div>\n\n\n\n<div class=\"wp-block-uagb-advanced-heading uagb-block-8f1273d2\"><p class=\"uagb-heading-text\"><br>ARCHITECTURAL DESIGN<br><br>Our architectural design approach is based on understanding the client\u2019s needs and transforming them into functional, efficient, and visually memorable spaces.\nWe coordinate each stage of the project with technical and construction studies to ensure feasible, innovative, and sustainable proposals.<\/p><\/div>\n\n\n\n<div class=\"wp-block-uagb-advanced-heading uagb-block-d5e3c3da\"><p class=\"uagb-heading-text\"><br>ARCHITECTURAL VISUALIZATION<br><br>Through the stages of modeling, materials, lighting, and post-production, we focus on meeting our clients\u2019 requirements.<br>Our visual products are used in websites, catalogs, sales rooms, portfolios, newspapers, magazines, and other marketing media. <br>What we do<br>Sales floor plans<br>Interior renderings<br>Exterior renderings<br>Video<br>360\u00b0 immersions<\/p><\/div>\n<\/div>\n<\/div><\/div>","protected":false},"excerpt":{"rendered":"<p>QUIENES SOMOS Somos un equipo conformado por profesionales integrales en el \u00e1rea de la Arquitectura y la Construcci\u00f3n con 12 [&hellip;]<\/p>","protected":false},"author":1,"featured_media":0,"parent":0,"menu_order":0,"comment_status":"closed","ping_status":"closed","template":"","meta":{"om_disable_all_campaigns":false,"_uag_custom_page_level_css":"","site-sidebar-layout":"no-sidebar","site-content-layout":"plain-container","ast-site-content-layout":"full-width-container","site-content-style":"unboxed","site-sidebar-style":"unboxed","ast-global-header-display":"","ast-banner-title-visibility":"","ast-main-header-display":"","ast-hfb-above-header-display":"","ast-hfb-below-header-display":"","ast-hfb-mobile-header-display":"","site-post-title":"disabled","ast-breadcrumbs-content":"","ast-featured-img":"disabled","footer-sml-layout":"","ast-disable-related-posts":"","theme-transparent-header-meta":"enabled","adv-header-id-meta":"","stick-header-meta":"","header-above-stick-meta":"","header-main-stick-meta":"","header-below-stick-meta":"","astra-migrate-meta-layouts":"set","ast-page-background-enabled":"default","ast-page-background-meta":{"desktop":{"background-color":"","background-image":"","background-repeat":"repeat","background-position":"center center","background-size":"auto","background-attachment":"scroll","background-type":"","background-media":"","overlay-type":"","overlay-color":"","overlay-opacity":"","overlay-gradient":""},"tablet":{"background-color":"","background-image":"","background-repeat":"repeat","background-position":"center center","background-size":"auto","background-attachment":"scroll","background-type":"","background-media":"","overlay-type":"","overlay-color":"","overlay-opacity":"","overlay-gradient":""},"mobile":{"background-color":"","background-image":"","background-repeat":"repeat","background-position":"center center","background-size":"auto","background-attachment":"scroll","background-type":"","background-media":"","overlay-type":"","overlay-color":"","overlay-opacity":"","overlay-gradient":""}},"ast-content-background-meta":{"desktop":{"background-color":"var(--ast-global-color-5)","background-image":"","background-repeat":"repeat","background-position":"center center","background-size":"auto","background-attachment":"scroll","background-type":"","background-media":"","overlay-type":"","overlay-color":"","overlay-opacity":"","overlay-gradient":""},"tablet":{"background-color":"var(--ast-global-color-5)","background-image":"","background-repeat":"repeat","background-position":"center center","background-size":"auto","background-attachment":"scroll","background-type":"","background-media":"","overlay-type":"","overlay-color":"","overlay-opacity":"","overlay-gradient":""},"mobile":{"background-color":"var(--ast-global-color-5)","background-image":"","background-repeat":"repeat","background-position":"center center","background-size":"auto","background-attachment":"scroll","background-type":"","background-media":"","overlay-type":"","overlay-color":"","overlay-opacity":"","overlay-gradient":""}},"footnotes":""},"class_list":["post-9","page","type-page","status-publish","hentry"],"aioseo_notices":[],"yoast_head":"<!-- This site is optimized with the Yoast SEO plugin v26.8 - https:\/\/yoast.com\/product\/yoast-seo-wordpress\/ -->\n<title>Nosotros - signo3d.com<\/title>\n<meta name=\"robots\" content=\"index, follow, max-snippet:-1, max-image-preview:large, max-video-preview:-1\" \/>\n<link rel=\"canonical\" href=\"https:\/\/signo3d.com\/en\/about\/\" \/>\n<meta property=\"og:locale\" content=\"en_US\" \/>\n<meta property=\"og:type\" content=\"article\" \/>\n<meta property=\"og:title\" content=\"Nosotros - signo3d.com\" \/>\n<meta property=\"og:description\" content=\"QUIENES SOMOS Somos un equipo conformado por profesionales integrales en el \u00e1rea de la Arquitectura y la Construcci\u00f3n con 12 [&hellip;]\" \/>\n<meta property=\"og:url\" content=\"https:\/\/signo3d.com\/en\/about\/\" \/>\n<meta property=\"og:site_name\" content=\"signo3d.com\" \/>\n<meta property=\"article:modified_time\" content=\"2026-01-13T17:02:27+00:00\" \/>\n<meta name=\"twitter:card\" content=\"summary_large_image\" \/>\n<meta name=\"twitter:label1\" content=\"Est. reading time\" \/>\n\t<meta name=\"twitter:data1\" content=\"1 minute\" \/>\n<script type=\"application\/ld+json\" class=\"yoast-schema-graph\">{\"@context\":\"https:\/\/schema.org\",\"@graph\":[{\"@type\":\"WebPage\",\"@id\":\"https:\/\/signo3d.com\/about\/\",\"url\":\"https:\/\/signo3d.com\/about\/\",\"name\":\"Nosotros - signo3d.com\",\"isPartOf\":{\"@id\":\"https:\/\/signo3d.com\/#website\"},\"datePublished\":\"2025-10-02T19:14:29+00:00\",\"dateModified\":\"2026-01-13T17:02:27+00:00\",\"breadcrumb\":{\"@id\":\"https:\/\/signo3d.com\/about\/#breadcrumb\"},\"inLanguage\":\"en-US\",\"potentialAction\":[{\"@type\":\"ReadAction\",\"target\":[\"https:\/\/signo3d.com\/about\/\"]}]},{\"@type\":\"BreadcrumbList\",\"@id\":\"https:\/\/signo3d.com\/about\/#breadcrumb\",\"itemListElement\":[{\"@type\":\"ListItem\",\"position\":1,\"name\":\"Inicio\",\"item\":\"https:\/\/signo3d.com\/\"},{\"@type\":\"ListItem\",\"position\":2,\"name\":\"Nosotros\"}]},{\"@type\":\"WebSite\",\"@id\":\"https:\/\/signo3d.com\/#website\",\"url\":\"https:\/\/signo3d.com\/\",\"name\":\"signo3d.com\",\"description\":\"\",\"publisher\":{\"@id\":\"https:\/\/signo3d.com\/#organization\"},\"potentialAction\":[{\"@type\":\"SearchAction\",\"target\":{\"@type\":\"EntryPoint\",\"urlTemplate\":\"https:\/\/signo3d.com\/?s={search_term_string}\"},\"query-input\":{\"@type\":\"PropertyValueSpecification\",\"valueRequired\":true,\"valueName\":\"search_term_string\"}}],\"inLanguage\":\"en-US\"},{\"@type\":\"Organization\",\"@id\":\"https:\/\/signo3d.com\/#organization\",\"name\":\"signo3d.com\",\"url\":\"https:\/\/signo3d.com\/\",\"logo\":{\"@type\":\"ImageObject\",\"inLanguage\":\"en-US\",\"@id\":\"https:\/\/signo3d.com\/#\/schema\/logo\/image\/\",\"url\":\"https:\/\/signo3d.com\/wp-content\/uploads\/2025\/12\/LOGO-SIGNO3D-VECTOR_PNGBLANCO_03-scaled.png\",\"contentUrl\":\"https:\/\/signo3d.com\/wp-content\/uploads\/2025\/12\/LOGO-SIGNO3D-VECTOR_PNGBLANCO_03-scaled.png\",\"width\":2560,\"height\":1857,\"caption\":\"signo3d.com\"},\"image\":{\"@id\":\"https:\/\/signo3d.com\/#\/schema\/logo\/image\/\"}}]}<\/script>\n<!-- \/ Yoast SEO plugin. -->","yoast_head_json":{"title":"Nosotros - signo3d.com","robots":{"index":"index","follow":"follow","max-snippet":"max-snippet:-1","max-image-preview":"max-image-preview:large","max-video-preview":"max-video-preview:-1"},"canonical":"https:\/\/signo3d.com\/en\/about\/","og_locale":"en_US","og_type":"article","og_title":"Nosotros - signo3d.com","og_description":"QUIENES SOMOS Somos un equipo conformado por profesionales integrales en el \u00e1rea de la Arquitectura y la Construcci\u00f3n con 12 [&hellip;]","og_url":"https:\/\/signo3d.com\/en\/about\/","og_site_name":"signo3d.com","article_modified_time":"2026-01-13T17:02:27+00:00","twitter_card":"summary_large_image","twitter_misc":{"Est. reading time":"1 minute"},"schema":{"@context":"https:\/\/schema.org","@graph":[{"@type":"WebPage","@id":"https:\/\/signo3d.com\/about\/","url":"https:\/\/signo3d.com\/about\/","name":"Nosotros - signo3d.com","isPartOf":{"@id":"https:\/\/signo3d.com\/#website"},"datePublished":"2025-10-02T19:14:29+00:00","dateModified":"2026-01-13T17:02:27+00:00","breadcrumb":{"@id":"https:\/\/signo3d.com\/about\/#breadcrumb"},"inLanguage":"en-US","potentialAction":[{"@type":"ReadAction","target":["https:\/\/signo3d.com\/about\/"]}]},{"@type":"BreadcrumbList","@id":"https:\/\/signo3d.com\/about\/#breadcrumb","itemListElement":[{"@type":"ListItem","position":1,"name":"Inicio","item":"https:\/\/signo3d.com\/"},{"@type":"ListItem","position":2,"name":"Nosotros"}]},{"@type":"WebSite","@id":"https:\/\/signo3d.com\/#website","url":"https:\/\/signo3d.com\/","name":"signo3d.com","description":"","publisher":{"@id":"https:\/\/signo3d.com\/#organization"},"potentialAction":[{"@type":"SearchAction","target":{"@type":"EntryPoint","urlTemplate":"https:\/\/signo3d.com\/?s={search_term_string}"},"query-input":{"@type":"PropertyValueSpecification","valueRequired":true,"valueName":"search_term_string"}}],"inLanguage":"en-US"},{"@type":"Organization","@id":"https:\/\/signo3d.com\/#organization","name":"signo3d.com","url":"https:\/\/signo3d.com\/","logo":{"@type":"ImageObject","inLanguage":"en-US","@id":"https:\/\/signo3d.com\/#\/schema\/logo\/image\/","url":"https:\/\/signo3d.com\/wp-content\/uploads\/2025\/12\/LOGO-SIGNO3D-VECTOR_PNGBLANCO_03-scaled.png","contentUrl":"https:\/\/signo3d.com\/wp-content\/uploads\/2025\/12\/LOGO-SIGNO3D-VECTOR_PNGBLANCO_03-scaled.png","width":2560,"height":1857,"caption":"signo3d.com"},"image":{"@id":"https:\/\/signo3d.com\/#\/schema\/logo\/image\/"}}]}},"_hostinger_reach_plugin_has_subscription_block":false,"_hostinger_reach_plugin_is_elementor":false,"uagb_featured_image_src":{"full":false,"thumbnail":false,"medium":false,"medium_large":false,"large":false,"1536x1536":false,"2048x2048":false,"trp-custom-language-flag":false},"uagb_author_info":{"display_name":"jairoarmprieto@gmail.com","author_link":"https:\/\/signo3d.com\/en\/author\/jairoarmprietogmail-com\/"},"uagb_comment_info":0,"uagb_excerpt":"QUIENES SOMOS Somos un equipo conformado por profesionales integrales en el \u00e1rea de la Arquitectura y la Construcci\u00f3n con 12 [&hellip;]","_links":{"self":[{"href":"https:\/\/signo3d.com\/en\/wp-json\/wp\/v2\/pages\/9","targetHints":{"allow":["GET"]}}],"collection":[{"href":"https:\/\/signo3d.com\/en\/wp-json\/wp\/v2\/pages"}],"about":[{"href":"https:\/\/signo3d.com\/en\/wp-json\/wp\/v2\/types\/page"}],"author":[{"embeddable":true,"href":"https:\/\/signo3d.com\/en\/wp-json\/wp\/v2\/users\/1"}],"replies":[{"embeddable":true,"href":"https:\/\/signo3d.com\/en\/wp-json\/wp\/v2\/comments?post=9"}],"version-history":[{"count":68,"href":"https:\/\/signo3d.com\/en\/wp-json\/wp\/v2\/pages\/9\/revisions"}],"predecessor-version":[{"id":3770,"href":"https:\/\/signo3d.com\/en\/wp-json\/wp\/v2\/pages\/9\/revisions\/3770"}],"wp:attachment":[{"href":"https:\/\/signo3d.com\/en\/wp-json\/wp\/v2\/media?parent=9"}],"curies":[{"name":"wp","href":"https:\/\/api.w.org\/{rel}","templated":true}]}}