{"id":2506,"date":"2025-10-24T21:44:10","date_gmt":"2025-10-24T21:44:10","guid":{"rendered":"https:\/\/signo3d.com\/?page_id=2506"},"modified":"2026-02-01T01:24:38","modified_gmt":"2026-02-01T01:24:38","slug":"local-crazy-dogs-2","status":"publish","type":"page","link":"https:\/\/signo3d.com\/en\/local-crazy-dogs-2\/","title":{"rendered":"LOCAL CRAZY DOGS"},"content":{"rendered":"<div class=\"wp-block-uagb-advanced-heading uagb-block-3aec4ad6\"><h1 class=\"uagb-heading-text\">.<\/h1><\/div>\n\n\n\n<div class=\"wp-block-uagb-container uagb-block-gbditkif alignfull uagb-is-root-container\"><div class=\"uagb-container-inner-blocks-wrap\">\n<div class=\"wp-block-uagb-container uagb-block-ch3lfbdl\">\n<div class=\"wp-block-uagb-container uagb-block-6yhxezxt\">\n<div class=\"wp-block-uagb-container uagb-block-jb8zj7hw\">\n<div class=\"wp-block-uagb-advanced-heading uagb-block-a1uyzuq3\"><h5 class=\"uagb-heading-text\">Local Crazy Dogs<\/h5><\/div>\n<\/div>\n\n\n\n<div class=\"wp-block-uagb-container uagb-block-wezv4pb8\">\n<div class=\"wp-block-uagb-advanced-heading uagb-block-ocizarlc\"><p class=\"uagb-heading-text\">Un espacio dise\u00f1ado para vivir una experiencia diferente al momento de disfrutar un buen perro caliente.<br>Crazy Dogs combina un estilo urbano, vibrante y lleno de color, inspirado en el arte callejero y la cultura pop, creando un ambiente joven, divertido y lleno de energ\u00eda.<br>El dise\u00f1o del local resalta por su iluminaci\u00f3n c\u00e1lida, su\u00a0barra frontal atractiva\u00a0y un mobiliario funcional\u00a0que optimiza el espacio sin perder el estilo. Cada detalle \u2014desde los murales tipo grafiti hasta el branding visual\u2014 fue pensado para transmitir sabor, actitud y autenticidad.<br>M\u00e1s que un punto de comida r\u00e1pida,\u00a0Crazy Dogs\u00a0es un lugar para disfrutar, compartir y dejarse llevar por el sabor m\u00e1s loco de la ciudad.<\/p><\/div>\n<\/div>\n<\/div>\n<\/div>\n<\/div><\/div>\n\n\n\n<div class=\"wp-block-uagb-container uagb-block-cc39af49 alignwide uagb-is-root-container\">\t\t\t\t\t<div\n\t\t\t\t\t\tclass=\"wp-block-uagb-image-gallery uagb-block-5793abe1\"\n\t\t\t\t\t\tstyle=\"\"\n\t\t\t\t\t>\n\t\t\t\t\t\t\t\t\t\t\t<div class=\"spectra-image-gallery spectra-image-gallery__layout--carousel\">\n\t\t\t\t\t\t\t\t<div class=\"uagb-slick-carousel uagb-block-5793abe1\">\n\t\t\t\t\t\t\t\t\t\t\t\t<div class='spectra-image-gallery__media-wrapper' data-spectra-gallery-image-id='2443'>\n\t\t\t\t\t\t\t<div class=\"spectra-image-gallery__media spectra-image-gallery__media--carousel\">\n\t\t\t\t<picture>\n\t\t\t\t\t<source media=\"(min-width: 1024px)\" srcset=\"https:\/\/signo3d.com\/wp-content\/uploads\/2025\/10\/Crazy-Dogs-Render-1-1024x993.jpeg\">\n\t\t\t\t\t<source media=\"(min-width: 768px)\" srcset=\"https:\/\/signo3d.com\/wp-content\/uploads\/2025\/10\/Crazy-Dogs-Render-1-1024x993.jpeg\">\n\t\t\t\t\t<img decoding=\"async\" class=\"spectra-image-gallery__media-thumbnail spectra-image-gallery__media-thumbnail--carousel\" src=\"https:\/\/signo3d.com\/wp-content\/uploads\/2025\/10\/Crazy-Dogs-Render-1-300x291.jpeg\" alt=\"\" loading=\"lazy\" \/>\n\t\t\t\t<\/picture>\n\t\t\t\t<div class=\"spectra-image-gallery__media-thumbnail-blurrer\"><\/div>\n\t\t\t\t\t\t\t\t\t\t\t<div class=\"spectra-image-gallery__media-thumbnail-caption-wrapper spectra-image-gallery__media-thumbnail-caption-wrapper--overlay\"><\/div>\n\t\t\t\t\t\t\t\t<\/div>\n\t\t\t\t\t\t<\/div>\n\t\t\t\t\t\t<div class='spectra-image-gallery__media-wrapper' data-spectra-gallery-image-id='2444'>\n\t\t\t\t\t\t\t<div class=\"spectra-image-gallery__media spectra-image-gallery__media--carousel\">\n\t\t\t\t<picture>\n\t\t\t\t\t<source media=\"(min-width: 1024px)\" srcset=\"https:\/\/signo3d.com\/wp-content\/uploads\/2025\/10\/Crazy-Dogs-Render-2-938x1024.jpeg\">\n\t\t\t\t\t<source media=\"(min-width: 768px)\" srcset=\"https:\/\/signo3d.com\/wp-content\/uploads\/2025\/10\/Crazy-Dogs-Render-2-938x1024.jpeg\">\n\t\t\t\t\t<img decoding=\"async\" class=\"spectra-image-gallery__media-thumbnail spectra-image-gallery__media-thumbnail--carousel\" src=\"https:\/\/signo3d.com\/wp-content\/uploads\/2025\/10\/Crazy-Dogs-Render-2-275x300.jpeg\" alt=\"\" loading=\"lazy\" \/>\n\t\t\t\t<\/picture>\n\t\t\t\t<div class=\"spectra-image-gallery__media-thumbnail-blurrer\"><\/div>\n\t\t\t\t\t\t\t\t\t\t\t<div class=\"spectra-image-gallery__media-thumbnail-caption-wrapper spectra-image-gallery__media-thumbnail-caption-wrapper--overlay\"><\/div>\n\t\t\t\t\t\t\t\t<\/div>\n\t\t\t\t\t\t<\/div>\n\t\t\t\t\t\t<div class='spectra-image-gallery__media-wrapper' data-spectra-gallery-image-id='2445'>\n\t\t\t\t\t\t\t<div class=\"spectra-image-gallery__media spectra-image-gallery__media--carousel\">\n\t\t\t\t<picture>\n\t\t\t\t\t<source media=\"(min-width: 1024px)\" srcset=\"https:\/\/signo3d.com\/wp-content\/uploads\/2025\/10\/Crazy-Dogs-Render-3-956x1024.jpeg\">\n\t\t\t\t\t<source media=\"(min-width: 768px)\" srcset=\"https:\/\/signo3d.com\/wp-content\/uploads\/2025\/10\/Crazy-Dogs-Render-3-956x1024.jpeg\">\n\t\t\t\t\t<img decoding=\"async\" class=\"spectra-image-gallery__media-thumbnail spectra-image-gallery__media-thumbnail--carousel\" src=\"https:\/\/signo3d.com\/wp-content\/uploads\/2025\/10\/Crazy-Dogs-Render-3-280x300.jpeg\" alt=\"\" loading=\"lazy\" \/>\n\t\t\t\t<\/picture>\n\t\t\t\t<div class=\"spectra-image-gallery__media-thumbnail-blurrer\"><\/div>\n\t\t\t\t\t\t\t\t\t\t\t<div class=\"spectra-image-gallery__media-thumbnail-caption-wrapper spectra-image-gallery__media-thumbnail-caption-wrapper--overlay\"><\/div>\n\t\t\t\t\t\t\t\t<\/div>\n\t\t\t\t\t\t<\/div>\n\t\t\t\t\t\t<div class='spectra-image-gallery__media-wrapper' data-spectra-gallery-image-id='3527'>\n\t\t\t\t\t\t\t<div class=\"spectra-image-gallery__media spectra-image-gallery__media--carousel\">\n\t\t\t\t<picture>\n\t\t\t\t\t<source media=\"(min-width: 1024px)\" srcset=\"https:\/\/signo3d.com\/wp-content\/uploads\/2026\/01\/PLANTA-Plano-A-01-PLANTA-724x1024.jpg\">\n\t\t\t\t\t<source media=\"(min-width: 768px)\" srcset=\"https:\/\/signo3d.com\/wp-content\/uploads\/2026\/01\/PLANTA-Plano-A-01-PLANTA-724x1024.jpg\">\n\t\t\t\t\t<img decoding=\"async\" class=\"spectra-image-gallery__media-thumbnail spectra-image-gallery__media-thumbnail--carousel\" src=\"https:\/\/signo3d.com\/wp-content\/uploads\/2026\/01\/PLANTA-Plano-A-01-PLANTA-212x300.jpg\" alt=\"\" loading=\"lazy\" \/>\n\t\t\t\t<\/picture>\n\t\t\t\t<div class=\"spectra-image-gallery__media-thumbnail-blurrer\"><\/div>\n\t\t\t\t\t\t\t\t\t\t\t<div class=\"spectra-image-gallery__media-thumbnail-caption-wrapper spectra-image-gallery__media-thumbnail-caption-wrapper--overlay\"><\/div>\n\t\t\t\t\t\t\t\t<\/div>\n\t\t\t\t\t\t<\/div>\n\t\t\t\t\t\t<div class='spectra-image-gallery__media-wrapper' data-spectra-gallery-image-id='3528'>\n\t\t\t\t\t\t\t<div class=\"spectra-image-gallery__media spectra-image-gallery__media--carousel\">\n\t\t\t\t<picture>\n\t\t\t\t\t<source media=\"(min-width: 1024px)\" srcset=\"https:\/\/signo3d.com\/wp-content\/uploads\/2026\/01\/SECCION-1-Plano-A-02-SECCION-1-724x1024.jpg\">\n\t\t\t\t\t<source media=\"(min-width: 768px)\" srcset=\"https:\/\/signo3d.com\/wp-content\/uploads\/2026\/01\/SECCION-1-Plano-A-02-SECCION-1-724x1024.jpg\">\n\t\t\t\t\t<img decoding=\"async\" class=\"spectra-image-gallery__media-thumbnail spectra-image-gallery__media-thumbnail--carousel\" src=\"https:\/\/signo3d.com\/wp-content\/uploads\/2026\/01\/SECCION-1-Plano-A-02-SECCION-1-212x300.jpg\" alt=\"\" loading=\"lazy\" \/>\n\t\t\t\t<\/picture>\n\t\t\t\t<div class=\"spectra-image-gallery__media-thumbnail-blurrer\"><\/div>\n\t\t\t\t\t\t\t\t\t\t\t<div class=\"spectra-image-gallery__media-thumbnail-caption-wrapper spectra-image-gallery__media-thumbnail-caption-wrapper--overlay\"><\/div>\n\t\t\t\t\t\t\t\t<\/div>\n\t\t\t\t\t\t<\/div>\n\t\t\t\t\t\t<div class='spectra-image-gallery__media-wrapper' data-spectra-gallery-image-id='3529'>\n\t\t\t\t\t\t\t<div class=\"spectra-image-gallery__media spectra-image-gallery__media--carousel\">\n\t\t\t\t<picture>\n\t\t\t\t\t<source media=\"(min-width: 1024px)\" srcset=\"https:\/\/signo3d.com\/wp-content\/uploads\/2026\/01\/SECCION-2-Plano-A-03-SECCION-2-724x1024.jpg\">\n\t\t\t\t\t<source media=\"(min-width: 768px)\" srcset=\"https:\/\/signo3d.com\/wp-content\/uploads\/2026\/01\/SECCION-2-Plano-A-03-SECCION-2-724x1024.jpg\">\n\t\t\t\t\t<img decoding=\"async\" class=\"spectra-image-gallery__media-thumbnail spectra-image-gallery__media-thumbnail--carousel\" src=\"https:\/\/signo3d.com\/wp-content\/uploads\/2026\/01\/SECCION-2-Plano-A-03-SECCION-2-212x300.jpg\" alt=\"\" loading=\"lazy\" \/>\n\t\t\t\t<\/picture>\n\t\t\t\t<div class=\"spectra-image-gallery__media-thumbnail-blurrer\"><\/div>\n\t\t\t\t\t\t\t\t\t\t\t<div class=\"spectra-image-gallery__media-thumbnail-caption-wrapper spectra-image-gallery__media-thumbnail-caption-wrapper--overlay\"><\/div>\n\t\t\t\t\t\t\t\t<\/div>\n\t\t\t\t\t\t<\/div>\n\t\t\t\t\t\t\t\t\t\t\t<\/div>\n\t\t\t\t\t\t\t<\/div>\n\t\t\t\t\t\t\t\t\t\t\t<\/div>\n\t\t\t\t\t\t\t\t\t\t\t<div class='spectra-image-gallery__control-lightbox' tabindex='0'>\n\t\t\t\t\t\t\t\t\t\t\t<div class=\"swiper spectra-image-gallery__control-lightbox--main\" dir=\"\">\n\t\t\t\t\t<div class=\"swiper-wrapper\">\n\t\t\t\t\t\t\t\t\t\t\t\t\t\n\t\t\t\t\t\t\t<div class=\"swiper-slide\">\n\t\t\t\t\t\t\t\t<img class=\"swiper-lazy\" data-src=\"https:\/\/signo3d.com\/wp-content\/uploads\/2025\/10\/Crazy-Dogs-Render-1.jpeg\" alt=\"\"\/>\n\t\t\t\t\t\t\t\t<div class=\"swiper-lazy-preloader swiper-lazy-preloader-white\"><\/div>\n\t\t\t\t\t\t\t\t\t\t\t\t\t\t\t<\/div>\n\t\t\t\t\t\t\t\t\t\t\t\t\t\n\t\t\t\t\t\t\t<div class=\"swiper-slide\">\n\t\t\t\t\t\t\t\t<img class=\"swiper-lazy\" data-src=\"https:\/\/signo3d.com\/wp-content\/uploads\/2025\/10\/Crazy-Dogs-Render-2.jpeg\" alt=\"\"\/>\n\t\t\t\t\t\t\t\t<div class=\"swiper-lazy-preloader swiper-lazy-preloader-white\"><\/div>\n\t\t\t\t\t\t\t\t\t\t\t\t\t\t\t<\/div>\n\t\t\t\t\t\t\t\t\t\t\t\t\t\n\t\t\t\t\t\t\t<div class=\"swiper-slide\">\n\t\t\t\t\t\t\t\t<img class=\"swiper-lazy\" data-src=\"https:\/\/signo3d.com\/wp-content\/uploads\/2025\/10\/Crazy-Dogs-Render-3.jpeg\" alt=\"\"\/>\n\t\t\t\t\t\t\t\t<div class=\"swiper-lazy-preloader swiper-lazy-preloader-white\"><\/div>\n\t\t\t\t\t\t\t\t\t\t\t\t\t\t\t<\/div>\n\t\t\t\t\t\t\t\t\t\t\t\t\t\n\t\t\t\t\t\t\t<div class=\"swiper-slide\">\n\t\t\t\t\t\t\t\t<img class=\"swiper-lazy\" data-src=\"https:\/\/signo3d.com\/wp-content\/uploads\/2026\/01\/PLANTA-Plano-A-01-PLANTA.jpg\" alt=\"\"\/>\n\t\t\t\t\t\t\t\t<div class=\"swiper-lazy-preloader swiper-lazy-preloader-white\"><\/div>\n\t\t\t\t\t\t\t\t\t\t\t\t\t\t\t<\/div>\n\t\t\t\t\t\t\t\t\t\t\t\t\t\n\t\t\t\t\t\t\t<div class=\"swiper-slide\">\n\t\t\t\t\t\t\t\t<img class=\"swiper-lazy\" data-src=\"https:\/\/signo3d.com\/wp-content\/uploads\/2026\/01\/SECCION-1-Plano-A-02-SECCION-1.jpg\" alt=\"\"\/>\n\t\t\t\t\t\t\t\t<div class=\"swiper-lazy-preloader swiper-lazy-preloader-white\"><\/div>\n\t\t\t\t\t\t\t\t\t\t\t\t\t\t\t<\/div>\n\t\t\t\t\t\t\t\t\t\t\t\t\t\n\t\t\t\t\t\t\t<div class=\"swiper-slide\">\n\t\t\t\t\t\t\t\t<img class=\"swiper-lazy\" data-src=\"https:\/\/signo3d.com\/wp-content\/uploads\/2026\/01\/SECCION-2-Plano-A-03-SECCION-2.jpg\" alt=\"\"\/>\n\t\t\t\t\t\t\t\t<div class=\"swiper-lazy-preloader swiper-lazy-preloader-white\"><\/div>\n\t\t\t\t\t\t\t\t\t\t\t\t\t\t\t<\/div>\n\t\t\t\t\t\t\t\t\t\t\t<\/div>\n\t\t\t\t\t<div class=\"swiper-button-next\"><\/div>\n\t\t\t\t\t<div class=\"swiper-button-prev\"><\/div>\n\t\t\t\t<\/div>\t\t\t\n\t\t\t\t\t\t\t\t\t\t\t\t\t\t\t\t\t\t\t\t\t\t\t\t\t\t\t\t\t\t\t\t<button class='spectra-image-gallery__control-lightbox--close' aria-label=\"Close\">\n\t\t\t\t\t\t\t\t\t\t\t\t\t<svg xmlns=\"https:\/\/www.w3.org\/2000\/svg\" viewbox= \"0 0 320 512\"><path d=\"M310.6 361.4c12.5 12.5 12.5 32.75 0 45.25C304.4 412.9 296.2 416 288 416s-16.38-3.125-22.62-9.375L160 301.3L54.63 406.6C48.38 412.9 40.19 416 32 416S15.63 412.9 9.375 406.6c-12.5-12.5-12.5-32.75 0-45.25l105.4-105.4L9.375 150.6c-12.5-12.5-12.5-32.75 0-45.25s32.75-12.5 45.25 0L160 210.8l105.4-105.4c12.5-12.5 32.75-12.5 45.25 0s12.5 32.75 0 45.25l-105.4 105.4L310.6 361.4z\"><\/path><\/svg>\n\t\t\t\t\t\t\t\t\t\t\t\t<\/button>\n\t\t\t\t\t\t\t\t\t\t\t\t\t<\/div>\n\t\t\t\t\t\t\t\t\t<\/div>\n\n\n\n<div class=\"wp-block-uagb-container uagb-block-cc122b69 alignfull uagb-is-root-container\"><div class=\"uagb-container-inner-blocks-wrap\">\n<div class=\"wp-block-uagb-container uagb-block-0355a214\">\n<p class=\"has-small-font-size\"><\/p>\n<\/div>\n\n\n\n<div class=\"wp-block-uagb-container uagb-block-a27a9bc3\">\n<p class=\"has-text-align-left has-small-font-size\" style=\"font-style:normal;font-weight:600\">Dise\u00f1o<\/p>\n\n\n\n<p class=\"has-small-font-size\">Signo3d Arq Viz S.A.S.<\/p>\n<\/div>\n\n\n\n<div class=\"wp-block-uagb-container uagb-block-328eb8a7\">\n<p class=\"has-text-align-left has-small-font-size\" style=\"font-style:normal;font-weight:600\">Render<\/p>\n\n\n\n<p class=\"has-small-font-size\">Signo3d Arq Viz S.A.S.<\/p>\n<\/div>\n\n\n\n<div class=\"wp-block-uagb-container uagb-block-d050e50b\">\n<p class=\"has-small-font-size\" style=\"font-style:normal;font-weight:600\">Ubicaci\u00f3n<\/p>\n\n\n\n<p class=\"has-small-font-size\">Bogot\u00e1, Colombia<\/p>\n<\/div>\n\n\n\n<div class=\"wp-block-uagb-container uagb-block-fa3b1c66\">\n<p class=\"has-small-font-size\" style=\"font-style:normal;font-weight:600\">Tipo<\/p>\n\n\n\n<p class=\"has-small-font-size\">Commercial<\/p>\n<\/div>\n\n\n\n<div class=\"wp-block-uagb-container uagb-block-e2ee0ac0\">\n<p class=\"has-small-font-size\" style=\"font-style:normal;font-weight:600\">A\u00f1o<\/p>\n\n\n\n<p class=\"has-small-font-size\">2025<\/p>\n<\/div>\n<\/div><\/div>\n\n\n\n<div class=\"wp-block-uagb-advanced-heading uagb-block-ff887aa1\"><\/div>","protected":false},"excerpt":{"rendered":"<p>. Local Crazy Dogs Un espacio dise\u00f1ado para vivir una experiencia diferente al momento de disfrutar un buen perro caliente.Crazy [&hellip;]<\/p>","protected":false},"author":1,"featured_media":0,"parent":0,"menu_order":0,"comment_status":"closed","ping_status":"closed","template":"","meta":{"om_disable_all_campaigns":false,"_uag_custom_page_level_css":"","site-sidebar-layout":"default","site-content-layout":"","ast-site-content-layout":"full-width-container","site-content-style":"boxed","site-sidebar-style":"default","ast-global-header-display":"","ast-banner-title-visibility":"","ast-main-header-display":"","ast-hfb-above-header-display":"","ast-hfb-below-header-display":"","ast-hfb-mobile-header-display":"","site-post-title":"disabled","ast-breadcrumbs-content":"","ast-featured-img":"disabled","footer-sml-layout":"","ast-disable-related-posts":"","theme-transparent-header-meta":"","adv-header-id-meta":"","stick-header-meta":"","header-above-stick-meta":"","header-main-stick-meta":"","header-below-stick-meta":"","astra-migrate-meta-layouts":"set","ast-page-background-enabled":"default","ast-page-background-meta":{"desktop":{"background-color":"","background-image":"","background-repeat":"repeat","background-position":"center center","background-size":"auto","background-attachment":"scroll","background-type":"","background-media":"","overlay-type":"","overlay-color":"","overlay-opacity":"","overlay-gradient":""},"tablet":{"background-color":"","background-image":"","background-repeat":"repeat","background-position":"center center","background-size":"auto","background-attachment":"scroll","background-type":"","background-media":"","overlay-type":"","overlay-color":"","overlay-opacity":"","overlay-gradient":""},"mobile":{"background-color":"","background-image":"","background-repeat":"repeat","background-position":"center center","background-size":"auto","background-attachment":"scroll","background-type":"","background-media":"","overlay-type":"","overlay-color":"","overlay-opacity":"","overlay-gradient":""}},"ast-content-background-meta":{"desktop":{"background-color":"var(--ast-global-color-5)","background-image":"","background-repeat":"repeat","background-position":"center center","background-size":"auto","background-attachment":"scroll","background-type":"","background-media":"","overlay-type":"","overlay-color":"","overlay-opacity":"","overlay-gradient":""},"tablet":{"background-color":"var(--ast-global-color-5)","background-image":"","background-repeat":"repeat","background-position":"center center","background-size":"auto","background-attachment":"scroll","background-type":"","background-media":"","overlay-type":"","overlay-color":"","overlay-opacity":"","overlay-gradient":""},"mobile":{"background-color":"var(--ast-global-color-5)","background-image":"","background-repeat":"repeat","background-position":"center center","background-size":"auto","background-attachment":"scroll","background-type":"","background-media":"","overlay-type":"","overlay-color":"","overlay-opacity":"","overlay-gradient":""}},"footnotes":""},"class_list":["post-2506","page","type-page","status-publish","hentry"],"aioseo_notices":[],"yoast_head":"<!-- This site is optimized with the Yoast SEO plugin v26.8 - https:\/\/yoast.com\/product\/yoast-seo-wordpress\/ -->\n<title>LOCAL CRAZY DOGS - signo3d.com<\/title>\n<meta name=\"robots\" content=\"index, follow, max-snippet:-1, max-image-preview:large, max-video-preview:-1\" \/>\n<link rel=\"canonical\" href=\"https:\/\/signo3d.com\/en\/local-crazy-dogs-2\/\" \/>\n<meta property=\"og:locale\" content=\"en_US\" \/>\n<meta property=\"og:type\" content=\"article\" \/>\n<meta property=\"og:title\" content=\"LOCAL CRAZY DOGS - signo3d.com\" \/>\n<meta property=\"og:description\" content=\". Local Crazy Dogs Un espacio dise\u00f1ado para vivir una experiencia diferente al momento de disfrutar un buen perro caliente.Crazy [&hellip;]\" \/>\n<meta property=\"og:url\" content=\"https:\/\/signo3d.com\/en\/local-crazy-dogs-2\/\" \/>\n<meta property=\"og:site_name\" content=\"signo3d.com\" \/>\n<meta property=\"article:modified_time\" content=\"2026-02-01T01:24:38+00:00\" \/>\n<meta name=\"twitter:card\" content=\"summary_large_image\" \/>\n<meta name=\"twitter:label1\" content=\"Est. reading time\" \/>\n\t<meta name=\"twitter:data1\" content=\"1 minute\" \/>\n<script type=\"application\/ld+json\" class=\"yoast-schema-graph\">{\"@context\":\"https:\/\/schema.org\",\"@graph\":[{\"@type\":\"WebPage\",\"@id\":\"https:\/\/signo3d.com\/local-crazy-dogs-2\/\",\"url\":\"https:\/\/signo3d.com\/local-crazy-dogs-2\/\",\"name\":\"LOCAL CRAZY DOGS - signo3d.com\",\"isPartOf\":{\"@id\":\"https:\/\/signo3d.com\/#website\"},\"datePublished\":\"2025-10-24T21:44:10+00:00\",\"dateModified\":\"2026-02-01T01:24:38+00:00\",\"breadcrumb\":{\"@id\":\"https:\/\/signo3d.com\/local-crazy-dogs-2\/#breadcrumb\"},\"inLanguage\":\"en-US\",\"potentialAction\":[{\"@type\":\"ReadAction\",\"target\":[\"https:\/\/signo3d.com\/local-crazy-dogs-2\/\"]}]},{\"@type\":\"BreadcrumbList\",\"@id\":\"https:\/\/signo3d.com\/local-crazy-dogs-2\/#breadcrumb\",\"itemListElement\":[{\"@type\":\"ListItem\",\"position\":1,\"name\":\"Inicio\",\"item\":\"https:\/\/signo3d.com\/\"},{\"@type\":\"ListItem\",\"position\":2,\"name\":\"LOCAL CRAZY DOGS\"}]},{\"@type\":\"WebSite\",\"@id\":\"https:\/\/signo3d.com\/#website\",\"url\":\"https:\/\/signo3d.com\/\",\"name\":\"signo3d.com\",\"description\":\"\",\"publisher\":{\"@id\":\"https:\/\/signo3d.com\/#organization\"},\"potentialAction\":[{\"@type\":\"SearchAction\",\"target\":{\"@type\":\"EntryPoint\",\"urlTemplate\":\"https:\/\/signo3d.com\/?s={search_term_string}\"},\"query-input\":{\"@type\":\"PropertyValueSpecification\",\"valueRequired\":true,\"valueName\":\"search_term_string\"}}],\"inLanguage\":\"en-US\"},{\"@type\":\"Organization\",\"@id\":\"https:\/\/signo3d.com\/#organization\",\"name\":\"signo3d.com\",\"url\":\"https:\/\/signo3d.com\/\",\"logo\":{\"@type\":\"ImageObject\",\"inLanguage\":\"en-US\",\"@id\":\"https:\/\/signo3d.com\/#\/schema\/logo\/image\/\",\"url\":\"https:\/\/signo3d.com\/wp-content\/uploads\/2025\/12\/LOGO-SIGNO3D-VECTOR_PNGBLANCO_03-scaled.png\",\"contentUrl\":\"https:\/\/signo3d.com\/wp-content\/uploads\/2025\/12\/LOGO-SIGNO3D-VECTOR_PNGBLANCO_03-scaled.png\",\"width\":2560,\"height\":1857,\"caption\":\"signo3d.com\"},\"image\":{\"@id\":\"https:\/\/signo3d.com\/#\/schema\/logo\/image\/\"}}]}<\/script>\n<!-- \/ Yoast SEO plugin. -->","yoast_head_json":{"title":"LOCAL CRAZY DOGS - signo3d.com","robots":{"index":"index","follow":"follow","max-snippet":"max-snippet:-1","max-image-preview":"max-image-preview:large","max-video-preview":"max-video-preview:-1"},"canonical":"https:\/\/signo3d.com\/en\/local-crazy-dogs-2\/","og_locale":"en_US","og_type":"article","og_title":"LOCAL CRAZY DOGS - signo3d.com","og_description":". Local Crazy Dogs Un espacio dise\u00f1ado para vivir una experiencia diferente al momento de disfrutar un buen perro caliente.Crazy [&hellip;]","og_url":"https:\/\/signo3d.com\/en\/local-crazy-dogs-2\/","og_site_name":"signo3d.com","article_modified_time":"2026-02-01T01:24:38+00:00","twitter_card":"summary_large_image","twitter_misc":{"Est. reading time":"1 minute"},"schema":{"@context":"https:\/\/schema.org","@graph":[{"@type":"WebPage","@id":"https:\/\/signo3d.com\/local-crazy-dogs-2\/","url":"https:\/\/signo3d.com\/local-crazy-dogs-2\/","name":"LOCAL CRAZY DOGS - signo3d.com","isPartOf":{"@id":"https:\/\/signo3d.com\/#website"},"datePublished":"2025-10-24T21:44:10+00:00","dateModified":"2026-02-01T01:24:38+00:00","breadcrumb":{"@id":"https:\/\/signo3d.com\/local-crazy-dogs-2\/#breadcrumb"},"inLanguage":"en-US","potentialAction":[{"@type":"ReadAction","target":["https:\/\/signo3d.com\/local-crazy-dogs-2\/"]}]},{"@type":"BreadcrumbList","@id":"https:\/\/signo3d.com\/local-crazy-dogs-2\/#breadcrumb","itemListElement":[{"@type":"ListItem","position":1,"name":"Inicio","item":"https:\/\/signo3d.com\/"},{"@type":"ListItem","position":2,"name":"LOCAL CRAZY DOGS"}]},{"@type":"WebSite","@id":"https:\/\/signo3d.com\/#website","url":"https:\/\/signo3d.com\/","name":"signo3d.com","description":"","publisher":{"@id":"https:\/\/signo3d.com\/#organization"},"potentialAction":[{"@type":"SearchAction","target":{"@type":"EntryPoint","urlTemplate":"https:\/\/signo3d.com\/?s={search_term_string}"},"query-input":{"@type":"PropertyValueSpecification","valueRequired":true,"valueName":"search_term_string"}}],"inLanguage":"en-US"},{"@type":"Organization","@id":"https:\/\/signo3d.com\/#organization","name":"signo3d.com","url":"https:\/\/signo3d.com\/","logo":{"@type":"ImageObject","inLanguage":"en-US","@id":"https:\/\/signo3d.com\/#\/schema\/logo\/image\/","url":"https:\/\/signo3d.com\/wp-content\/uploads\/2025\/12\/LOGO-SIGNO3D-VECTOR_PNGBLANCO_03-scaled.png","contentUrl":"https:\/\/signo3d.com\/wp-content\/uploads\/2025\/12\/LOGO-SIGNO3D-VECTOR_PNGBLANCO_03-scaled.png","width":2560,"height":1857,"caption":"signo3d.com"},"image":{"@id":"https:\/\/signo3d.com\/#\/schema\/logo\/image\/"}}]}},"_hostinger_reach_plugin_has_subscription_block":false,"_hostinger_reach_plugin_is_elementor":false,"uagb_featured_image_src":{"full":false,"thumbnail":false,"medium":false,"medium_large":false,"large":false,"1536x1536":false,"2048x2048":false,"trp-custom-language-flag":false},"uagb_author_info":{"display_name":"jairoarmprieto@gmail.com","author_link":"https:\/\/signo3d.com\/en\/author\/jairoarmprietogmail-com\/"},"uagb_comment_info":0,"uagb_excerpt":". Local Crazy Dogs Un espacio dise\u00f1ado para vivir una experiencia diferente al momento de disfrutar un buen perro caliente.Crazy [&hellip;]","_links":{"self":[{"href":"https:\/\/signo3d.com\/en\/wp-json\/wp\/v2\/pages\/2506","targetHints":{"allow":["GET"]}}],"collection":[{"href":"https:\/\/signo3d.com\/en\/wp-json\/wp\/v2\/pages"}],"about":[{"href":"https:\/\/signo3d.com\/en\/wp-json\/wp\/v2\/types\/page"}],"author":[{"embeddable":true,"href":"https:\/\/signo3d.com\/en\/wp-json\/wp\/v2\/users\/1"}],"replies":[{"embeddable":true,"href":"https:\/\/signo3d.com\/en\/wp-json\/wp\/v2\/comments?post=2506"}],"version-history":[{"count":35,"href":"https:\/\/signo3d.com\/en\/wp-json\/wp\/v2\/pages\/2506\/revisions"}],"predecessor-version":[{"id":3915,"href":"https:\/\/signo3d.com\/en\/wp-json\/wp\/v2\/pages\/2506\/revisions\/3915"}],"wp:attachment":[{"href":"https:\/\/signo3d.com\/en\/wp-json\/wp\/v2\/media?parent=2506"}],"curies":[{"name":"wp","href":"https:\/\/api.w.org\/{rel}","templated":true}]}}