{"id":1957,"date":"2025-10-22T08:53:54","date_gmt":"2025-10-22T08:53:54","guid":{"rendered":"https:\/\/signo3d.com\/?page_id=1957"},"modified":"2026-02-01T04:57:42","modified_gmt":"2026-02-01T04:57:42","slug":"centro-comercial-galerias","status":"publish","type":"page","link":"https:\/\/signo3d.com\/en\/centro-comercial-galerias\/","title":{"rendered":"CENTRO COMERCIAL GALER\u00cdAS"},"content":{"rendered":"<div class=\"wp-block-uagb-advanced-heading uagb-block-dfd00531\"><h2 class=\"uagb-heading-text\">.<\/h2><\/div>\n\n\n\n<div class=\"wp-block-uagb-container uagb-block-gbditkif alignfull uagb-is-root-container\"><div class=\"uagb-container-inner-blocks-wrap\">\n<div class=\"wp-block-uagb-container uagb-block-ch3lfbdl\">\n<div class=\"wp-block-uagb-container uagb-block-6yhxezxt\">\n<div class=\"wp-block-uagb-container uagb-block-jb8zj7hw\">\n<div class=\"wp-block-uagb-advanced-heading uagb-block-a1uyzuq3\"><h5 class=\"uagb-heading-text\">Centro Comercial Galer\u00edas<\/h5><\/div>\n<\/div>\n\n\n\n<div class=\"wp-block-uagb-container uagb-block-wezv4pb8\">\n<div class=\"wp-block-uagb-advanced-heading uagb-block-ocizarlc\"><p class=\"uagb-heading-text\">El proyecto desarrollado por Signo3D para el Centro Comercial Galer\u00edas\u00a0consisti\u00f3 en la modernizaci\u00f3n integral de sus espacios arquitect\u00f3nicos, incluyendo \u00e1reas interiores y fachadas principales. Se realiz\u00f3 una propuesta de dise\u00f1o y visualizaci\u00f3n 3D que abarca la renovaci\u00f3n de zonas de circulaci\u00f3n como escaleras el\u00e9ctricas, pasillos comerciales y accesos, optimizando el flujo de usuarios y mejorando la experiencia dentro del centro comercial. A nivel exterior, se plante\u00f3 la actualizaci\u00f3n de la imagen urbana mediante el dise\u00f1o de nuevas fachadas con l\u00edneas contempor\u00e1neas, ventanales amplios, integraci\u00f3n de imagen corporativa y materiales como panel met\u00e1lico, vidrio y acabados de alta durabilidad.<br>El proyecto incluy\u00f3 el an\u00e1lisis del entorno, propuesta arquitect\u00f3nica, modelado tridimensional, definici\u00f3n de materiales, iluminaci\u00f3n y planteamiento de accesos peatonales y vehiculares. Esta intervenci\u00f3n busca dar al centro comercial una identidad m\u00e1s actual, funcional y atractiva para sus visitantes, sin alterar su estructura principal.<\/p><\/div>\n<\/div>\n<\/div>\n<\/div>\n<\/div><\/div>\n\n\n\n<div class=\"wp-block-uagb-container uagb-block-cc39af49 alignwide uagb-is-root-container\">\t\t\t\t\t<div\n\t\t\t\t\t\tclass=\"wp-block-uagb-image-gallery uagb-block-5793abe1\"\n\t\t\t\t\t\tstyle=\"\"\n\t\t\t\t\t>\n\t\t\t\t\t\t\t\t\t\t\t<div class=\"spectra-image-gallery spectra-image-gallery__layout--carousel\">\n\t\t\t\t\t\t\t\t<div class=\"uagb-slick-carousel uagb-block-5793abe1\">\n\t\t\t\t\t\t\t\t\t\t\t\t<div class='spectra-image-gallery__media-wrapper' data-spectra-gallery-image-id='1935'>\n\t\t\t\t\t\t\t<div class=\"spectra-image-gallery__media spectra-image-gallery__media--carousel\">\n\t\t\t\t<picture>\n\t\t\t\t\t<source media=\"(min-width: 1024px)\" srcset=\"https:\/\/signo3d.com\/wp-content\/uploads\/2025\/10\/Galerias-Fachada2-1024x681.jpg\">\n\t\t\t\t\t<source media=\"(min-width: 768px)\" srcset=\"https:\/\/signo3d.com\/wp-content\/uploads\/2025\/10\/Galerias-Fachada2-1024x681.jpg\">\n\t\t\t\t\t<img decoding=\"async\" class=\"spectra-image-gallery__media-thumbnail spectra-image-gallery__media-thumbnail--carousel\" src=\"https:\/\/signo3d.com\/wp-content\/uploads\/2025\/10\/Galerias-Fachada2-300x199.jpg\" alt=\"\" loading=\"lazy\" \/>\n\t\t\t\t<\/picture>\n\t\t\t\t<div class=\"spectra-image-gallery__media-thumbnail-blurrer\"><\/div>\n\t\t\t\t\t\t\t\t\t\t\t<div class=\"spectra-image-gallery__media-thumbnail-caption-wrapper spectra-image-gallery__media-thumbnail-caption-wrapper--overlay\"><\/div>\n\t\t\t\t\t\t\t\t<\/div>\n\t\t\t\t\t\t<\/div>\n\t\t\t\t\t\t<div class='spectra-image-gallery__media-wrapper' data-spectra-gallery-image-id='1934'>\n\t\t\t\t\t\t\t<div class=\"spectra-image-gallery__media spectra-image-gallery__media--carousel\">\n\t\t\t\t<picture>\n\t\t\t\t\t<source media=\"(min-width: 1024px)\" srcset=\"https:\/\/signo3d.com\/wp-content\/uploads\/2025\/10\/Galerias-fachada1-1024x681.jpg\">\n\t\t\t\t\t<source media=\"(min-width: 768px)\" srcset=\"https:\/\/signo3d.com\/wp-content\/uploads\/2025\/10\/Galerias-fachada1-1024x681.jpg\">\n\t\t\t\t\t<img decoding=\"async\" class=\"spectra-image-gallery__media-thumbnail spectra-image-gallery__media-thumbnail--carousel\" src=\"https:\/\/signo3d.com\/wp-content\/uploads\/2025\/10\/Galerias-fachada1-300x199.jpg\" alt=\"\" loading=\"lazy\" \/>\n\t\t\t\t<\/picture>\n\t\t\t\t<div class=\"spectra-image-gallery__media-thumbnail-blurrer\"><\/div>\n\t\t\t\t\t\t\t\t\t\t\t<div class=\"spectra-image-gallery__media-thumbnail-caption-wrapper spectra-image-gallery__media-thumbnail-caption-wrapper--overlay\"><\/div>\n\t\t\t\t\t\t\t\t<\/div>\n\t\t\t\t\t\t<\/div>\n\t\t\t\t\t\t<div class='spectra-image-gallery__media-wrapper' data-spectra-gallery-image-id='1933'>\n\t\t\t\t\t\t\t<div class=\"spectra-image-gallery__media spectra-image-gallery__media--carousel\">\n\t\t\t\t<picture>\n\t\t\t\t\t<source media=\"(min-width: 1024px)\" srcset=\"https:\/\/signo3d.com\/wp-content\/uploads\/2025\/10\/Galerias-Escaleras-1024x577.jpg\">\n\t\t\t\t\t<source media=\"(min-width: 768px)\" srcset=\"https:\/\/signo3d.com\/wp-content\/uploads\/2025\/10\/Galerias-Escaleras-1024x577.jpg\">\n\t\t\t\t\t<img decoding=\"async\" class=\"spectra-image-gallery__media-thumbnail spectra-image-gallery__media-thumbnail--carousel\" src=\"https:\/\/signo3d.com\/wp-content\/uploads\/2025\/10\/Galerias-Escaleras-300x169.jpg\" alt=\"\" loading=\"lazy\" \/>\n\t\t\t\t<\/picture>\n\t\t\t\t<div class=\"spectra-image-gallery__media-thumbnail-blurrer\"><\/div>\n\t\t\t\t\t\t\t\t\t\t\t<div class=\"spectra-image-gallery__media-thumbnail-caption-wrapper spectra-image-gallery__media-thumbnail-caption-wrapper--overlay\"><\/div>\n\t\t\t\t\t\t\t\t<\/div>\n\t\t\t\t\t\t<\/div>\n\t\t\t\t\t\t\t\t\t\t\t<\/div>\n\t\t\t\t\t\t\t<\/div>\n\t\t\t\t\t\t\t\t\t\t\t<\/div>\n\t\t\t\t\t\t\t\t\t\t\t<div class='spectra-image-gallery__control-lightbox' tabindex='0'>\n\t\t\t\t\t\t\t\t\t\t\t<div class=\"swiper spectra-image-gallery__control-lightbox--main\" dir=\"\">\n\t\t\t\t\t<div class=\"swiper-wrapper\">\n\t\t\t\t\t\t\t\t\t\t\t\t\t\n\t\t\t\t\t\t\t<div class=\"swiper-slide\">\n\t\t\t\t\t\t\t\t<img class=\"swiper-lazy\" data-src=\"https:\/\/signo3d.com\/wp-content\/uploads\/2025\/10\/Galerias-Fachada2.jpg\" alt=\"\"\/>\n\t\t\t\t\t\t\t\t<div class=\"swiper-lazy-preloader swiper-lazy-preloader-white\"><\/div>\n\t\t\t\t\t\t\t\t\t\t\t\t\t\t\t<\/div>\n\t\t\t\t\t\t\t\t\t\t\t\t\t\n\t\t\t\t\t\t\t<div class=\"swiper-slide\">\n\t\t\t\t\t\t\t\t<img class=\"swiper-lazy\" data-src=\"https:\/\/signo3d.com\/wp-content\/uploads\/2025\/10\/Galerias-fachada1.jpg\" alt=\"\"\/>\n\t\t\t\t\t\t\t\t<div class=\"swiper-lazy-preloader swiper-lazy-preloader-white\"><\/div>\n\t\t\t\t\t\t\t\t\t\t\t\t\t\t\t<\/div>\n\t\t\t\t\t\t\t\t\t\t\t\t\t\n\t\t\t\t\t\t\t<div class=\"swiper-slide\">\n\t\t\t\t\t\t\t\t<img class=\"swiper-lazy\" data-src=\"https:\/\/signo3d.com\/wp-content\/uploads\/2025\/10\/Galerias-Escaleras.jpg\" alt=\"\"\/>\n\t\t\t\t\t\t\t\t<div class=\"swiper-lazy-preloader swiper-lazy-preloader-white\"><\/div>\n\t\t\t\t\t\t\t\t\t\t\t\t\t\t\t<\/div>\n\t\t\t\t\t\t\t\t\t\t\t<\/div>\n\t\t\t\t\t<div class=\"swiper-button-next\"><\/div>\n\t\t\t\t\t<div class=\"swiper-button-prev\"><\/div>\n\t\t\t\t<\/div>\t\t\t\n\t\t\t\t\t\t\t\t\t\t\t\t\t\t\t\t\t\t\t\t\t\t\t\t\t\t\t\t\t\t\t\t<button class='spectra-image-gallery__control-lightbox--close' aria-label=\"Close\">\n\t\t\t\t\t\t\t\t\t\t\t\t\t<svg xmlns=\"https:\/\/www.w3.org\/2000\/svg\" viewbox= \"0 0 320 512\"><path d=\"M310.6 361.4c12.5 12.5 12.5 32.75 0 45.25C304.4 412.9 296.2 416 288 416s-16.38-3.125-22.62-9.375L160 301.3L54.63 406.6C48.38 412.9 40.19 416 32 416S15.63 412.9 9.375 406.6c-12.5-12.5-12.5-32.75 0-45.25l105.4-105.4L9.375 150.6c-12.5-12.5-12.5-32.75 0-45.25s32.75-12.5 45.25 0L160 210.8l105.4-105.4c12.5-12.5 32.75-12.5 45.25 0s12.5 32.75 0 45.25l-105.4 105.4L310.6 361.4z\"><\/path><\/svg>\n\t\t\t\t\t\t\t\t\t\t\t\t<\/button>\n\t\t\t\t\t\t\t\t\t\t\t\t\t<\/div>\n\t\t\t\t\t\t\t\t\t<\/div>\n\n\n\n<div class=\"wp-block-uagb-container uagb-block-cc122b69 alignfull uagb-is-root-container\"><div class=\"uagb-container-inner-blocks-wrap\">\n<div class=\"wp-block-uagb-container uagb-block-0355a214\">\n<p class=\"has-small-font-size\"><\/p>\n<\/div>\n\n\n\n<div class=\"wp-block-uagb-container uagb-block-a27a9bc3\">\n<p class=\"has-text-align-left has-small-font-size\" style=\"font-style:normal;font-weight:600\">Dise\u00f1o<\/p>\n\n\n\n<p class=\"has-small-font-size\">Signo3d Arq Viz S.A.S.<\/p>\n<\/div>\n\n\n\n<div class=\"wp-block-uagb-container uagb-block-328eb8a7\">\n<p class=\"has-text-align-left has-small-font-size\" style=\"font-style:normal;font-weight:600\">Render<\/p>\n\n\n\n<p class=\"has-small-font-size\">Signo3d Arq Viz S.A.S.<\/p>\n<\/div>\n\n\n\n<div class=\"wp-block-uagb-container uagb-block-d050e50b\">\n<p class=\"has-small-font-size\" style=\"font-style:normal;font-weight:600\">Ubicaci\u00f3n<\/p>\n\n\n\n<p class=\"has-small-font-size\">Bogot\u00e1, Colombia<\/p>\n<\/div>\n\n\n\n<div class=\"wp-block-uagb-container uagb-block-fa3b1c66\">\n<p class=\"has-small-font-size\" style=\"font-style:normal;font-weight:600\">Tipo<\/p>\n\n\n\n<p class=\"has-small-font-size\">Residential<\/p>\n<\/div>\n\n\n\n<div class=\"wp-block-uagb-container uagb-block-e2ee0ac0\">\n<p class=\"has-small-font-size\" style=\"font-style:normal;font-weight:600\">A\u00f1o<\/p>\n\n\n\n<p class=\"has-small-font-size\">2011<\/p>\n<\/div>\n<\/div><\/div>\n\n\n\n<div class=\"wp-block-uagb-advanced-heading uagb-block-fdc3c206\"><h2 class=\"uagb-heading-text\">.<\/h2><\/div>","protected":false},"excerpt":{"rendered":"<p>. Centro Comercial Galer\u00edas El proyecto desarrollado por Signo3D para el Centro Comercial Galer\u00edas\u00a0consisti\u00f3 en la modernizaci\u00f3n integral de sus [&hellip;]<\/p>","protected":false},"author":1,"featured_media":0,"parent":0,"menu_order":0,"comment_status":"closed","ping_status":"closed","template":"","meta":{"om_disable_all_campaigns":false,"_uag_custom_page_level_css":"","site-sidebar-layout":"default","site-content-layout":"","ast-site-content-layout":"full-width-container","site-content-style":"boxed","site-sidebar-style":"default","ast-global-header-display":"","ast-banner-title-visibility":"","ast-main-header-display":"","ast-hfb-above-header-display":"","ast-hfb-below-header-display":"","ast-hfb-mobile-header-display":"","site-post-title":"disabled","ast-breadcrumbs-content":"","ast-featured-img":"disabled","footer-sml-layout":"","ast-disable-related-posts":"","theme-transparent-header-meta":"","adv-header-id-meta":"","stick-header-meta":"","header-above-stick-meta":"","header-main-stick-meta":"","header-below-stick-meta":"","astra-migrate-meta-layouts":"set","ast-page-background-enabled":"default","ast-page-background-meta":{"desktop":{"background-color":"","background-image":"","background-repeat":"repeat","background-position":"center center","background-size":"auto","background-attachment":"scroll","background-type":"","background-media":"","overlay-type":"","overlay-color":"","overlay-opacity":"","overlay-gradient":""},"tablet":{"background-color":"","background-image":"","background-repeat":"repeat","background-position":"center center","background-size":"auto","background-attachment":"scroll","background-type":"","background-media":"","overlay-type":"","overlay-color":"","overlay-opacity":"","overlay-gradient":""},"mobile":{"background-color":"","background-image":"","background-repeat":"repeat","background-position":"center center","background-size":"auto","background-attachment":"scroll","background-type":"","background-media":"","overlay-type":"","overlay-color":"","overlay-opacity":"","overlay-gradient":""}},"ast-content-background-meta":{"desktop":{"background-color":"var(--ast-global-color-5)","background-image":"","background-repeat":"repeat","background-position":"center center","background-size":"auto","background-attachment":"scroll","background-type":"","background-media":"","overlay-type":"","overlay-color":"","overlay-opacity":"","overlay-gradient":""},"tablet":{"background-color":"var(--ast-global-color-5)","background-image":"","background-repeat":"repeat","background-position":"center center","background-size":"auto","background-attachment":"scroll","background-type":"","background-media":"","overlay-type":"","overlay-color":"","overlay-opacity":"","overlay-gradient":""},"mobile":{"background-color":"var(--ast-global-color-5)","background-image":"","background-repeat":"repeat","background-position":"center center","background-size":"auto","background-attachment":"scroll","background-type":"","background-media":"","overlay-type":"","overlay-color":"","overlay-opacity":"","overlay-gradient":""}},"footnotes":""},"class_list":["post-1957","page","type-page","status-publish","hentry"],"aioseo_notices":[],"yoast_head":"<!-- This site is optimized with the Yoast SEO plugin v26.8 - https:\/\/yoast.com\/product\/yoast-seo-wordpress\/ -->\n<title>CENTRO COMERCIAL GALER\u00cdAS - signo3d.com<\/title>\n<meta name=\"robots\" content=\"index, follow, max-snippet:-1, max-image-preview:large, max-video-preview:-1\" \/>\n<link rel=\"canonical\" href=\"https:\/\/signo3d.com\/en\/centro-comercial-galerias\/\" \/>\n<meta property=\"og:locale\" content=\"en_US\" \/>\n<meta property=\"og:type\" content=\"article\" \/>\n<meta property=\"og:title\" content=\"CENTRO COMERCIAL GALER\u00cdAS - signo3d.com\" \/>\n<meta property=\"og:description\" content=\". Centro Comercial Galer\u00edas El proyecto desarrollado por Signo3D para el Centro Comercial Galer\u00edas\u00a0consisti\u00f3 en la modernizaci\u00f3n integral de sus [&hellip;]\" \/>\n<meta property=\"og:url\" content=\"https:\/\/signo3d.com\/en\/centro-comercial-galerias\/\" \/>\n<meta property=\"og:site_name\" content=\"signo3d.com\" \/>\n<meta property=\"article:modified_time\" content=\"2026-02-01T04:57:42+00:00\" \/>\n<meta name=\"twitter:card\" content=\"summary_large_image\" \/>\n<meta name=\"twitter:label1\" content=\"Est. reading time\" \/>\n\t<meta name=\"twitter:data1\" content=\"1 minute\" \/>\n<script type=\"application\/ld+json\" class=\"yoast-schema-graph\">{\"@context\":\"https:\/\/schema.org\",\"@graph\":[{\"@type\":\"WebPage\",\"@id\":\"https:\/\/signo3d.com\/centro-comercial-galerias\/\",\"url\":\"https:\/\/signo3d.com\/centro-comercial-galerias\/\",\"name\":\"CENTRO COMERCIAL GALER\u00cdAS - signo3d.com\",\"isPartOf\":{\"@id\":\"https:\/\/signo3d.com\/#website\"},\"datePublished\":\"2025-10-22T08:53:54+00:00\",\"dateModified\":\"2026-02-01T04:57:42+00:00\",\"breadcrumb\":{\"@id\":\"https:\/\/signo3d.com\/centro-comercial-galerias\/#breadcrumb\"},\"inLanguage\":\"en-US\",\"potentialAction\":[{\"@type\":\"ReadAction\",\"target\":[\"https:\/\/signo3d.com\/centro-comercial-galerias\/\"]}]},{\"@type\":\"BreadcrumbList\",\"@id\":\"https:\/\/signo3d.com\/centro-comercial-galerias\/#breadcrumb\",\"itemListElement\":[{\"@type\":\"ListItem\",\"position\":1,\"name\":\"Inicio\",\"item\":\"https:\/\/signo3d.com\/\"},{\"@type\":\"ListItem\",\"position\":2,\"name\":\"CENTRO COMERCIAL GALER\u00cdAS\"}]},{\"@type\":\"WebSite\",\"@id\":\"https:\/\/signo3d.com\/#website\",\"url\":\"https:\/\/signo3d.com\/\",\"name\":\"signo3d.com\",\"description\":\"\",\"publisher\":{\"@id\":\"https:\/\/signo3d.com\/#organization\"},\"potentialAction\":[{\"@type\":\"SearchAction\",\"target\":{\"@type\":\"EntryPoint\",\"urlTemplate\":\"https:\/\/signo3d.com\/?s={search_term_string}\"},\"query-input\":{\"@type\":\"PropertyValueSpecification\",\"valueRequired\":true,\"valueName\":\"search_term_string\"}}],\"inLanguage\":\"en-US\"},{\"@type\":\"Organization\",\"@id\":\"https:\/\/signo3d.com\/#organization\",\"name\":\"signo3d.com\",\"url\":\"https:\/\/signo3d.com\/\",\"logo\":{\"@type\":\"ImageObject\",\"inLanguage\":\"en-US\",\"@id\":\"https:\/\/signo3d.com\/#\/schema\/logo\/image\/\",\"url\":\"https:\/\/signo3d.com\/wp-content\/uploads\/2025\/12\/LOGO-SIGNO3D-VECTOR_PNGBLANCO_03-scaled.png\",\"contentUrl\":\"https:\/\/signo3d.com\/wp-content\/uploads\/2025\/12\/LOGO-SIGNO3D-VECTOR_PNGBLANCO_03-scaled.png\",\"width\":2560,\"height\":1857,\"caption\":\"signo3d.com\"},\"image\":{\"@id\":\"https:\/\/signo3d.com\/#\/schema\/logo\/image\/\"}}]}<\/script>\n<!-- \/ Yoast SEO plugin. -->","yoast_head_json":{"title":"CENTRO COMERCIAL GALER\u00cdAS - signo3d.com","robots":{"index":"index","follow":"follow","max-snippet":"max-snippet:-1","max-image-preview":"max-image-preview:large","max-video-preview":"max-video-preview:-1"},"canonical":"https:\/\/signo3d.com\/en\/centro-comercial-galerias\/","og_locale":"en_US","og_type":"article","og_title":"CENTRO COMERCIAL GALER\u00cdAS - signo3d.com","og_description":". Centro Comercial Galer\u00edas El proyecto desarrollado por Signo3D para el Centro Comercial Galer\u00edas\u00a0consisti\u00f3 en la modernizaci\u00f3n integral de sus [&hellip;]","og_url":"https:\/\/signo3d.com\/en\/centro-comercial-galerias\/","og_site_name":"signo3d.com","article_modified_time":"2026-02-01T04:57:42+00:00","twitter_card":"summary_large_image","twitter_misc":{"Est. reading time":"1 minute"},"schema":{"@context":"https:\/\/schema.org","@graph":[{"@type":"WebPage","@id":"https:\/\/signo3d.com\/centro-comercial-galerias\/","url":"https:\/\/signo3d.com\/centro-comercial-galerias\/","name":"CENTRO COMERCIAL GALER\u00cdAS - signo3d.com","isPartOf":{"@id":"https:\/\/signo3d.com\/#website"},"datePublished":"2025-10-22T08:53:54+00:00","dateModified":"2026-02-01T04:57:42+00:00","breadcrumb":{"@id":"https:\/\/signo3d.com\/centro-comercial-galerias\/#breadcrumb"},"inLanguage":"en-US","potentialAction":[{"@type":"ReadAction","target":["https:\/\/signo3d.com\/centro-comercial-galerias\/"]}]},{"@type":"BreadcrumbList","@id":"https:\/\/signo3d.com\/centro-comercial-galerias\/#breadcrumb","itemListElement":[{"@type":"ListItem","position":1,"name":"Inicio","item":"https:\/\/signo3d.com\/"},{"@type":"ListItem","position":2,"name":"CENTRO COMERCIAL GALER\u00cdAS"}]},{"@type":"WebSite","@id":"https:\/\/signo3d.com\/#website","url":"https:\/\/signo3d.com\/","name":"signo3d.com","description":"","publisher":{"@id":"https:\/\/signo3d.com\/#organization"},"potentialAction":[{"@type":"SearchAction","target":{"@type":"EntryPoint","urlTemplate":"https:\/\/signo3d.com\/?s={search_term_string}"},"query-input":{"@type":"PropertyValueSpecification","valueRequired":true,"valueName":"search_term_string"}}],"inLanguage":"en-US"},{"@type":"Organization","@id":"https:\/\/signo3d.com\/#organization","name":"signo3d.com","url":"https:\/\/signo3d.com\/","logo":{"@type":"ImageObject","inLanguage":"en-US","@id":"https:\/\/signo3d.com\/#\/schema\/logo\/image\/","url":"https:\/\/signo3d.com\/wp-content\/uploads\/2025\/12\/LOGO-SIGNO3D-VECTOR_PNGBLANCO_03-scaled.png","contentUrl":"https:\/\/signo3d.com\/wp-content\/uploads\/2025\/12\/LOGO-SIGNO3D-VECTOR_PNGBLANCO_03-scaled.png","width":2560,"height":1857,"caption":"signo3d.com"},"image":{"@id":"https:\/\/signo3d.com\/#\/schema\/logo\/image\/"}}]}},"_hostinger_reach_plugin_has_subscription_block":false,"_hostinger_reach_plugin_is_elementor":false,"uagb_featured_image_src":{"full":false,"thumbnail":false,"medium":false,"medium_large":false,"large":false,"1536x1536":false,"2048x2048":false,"trp-custom-language-flag":false},"uagb_author_info":{"display_name":"jairoarmprieto@gmail.com","author_link":"https:\/\/signo3d.com\/en\/author\/jairoarmprietogmail-com\/"},"uagb_comment_info":0,"uagb_excerpt":". Centro Comercial Galer\u00edas El proyecto desarrollado por Signo3D para el Centro Comercial Galer\u00edas\u00a0consisti\u00f3 en la modernizaci\u00f3n integral de sus [&hellip;]","_links":{"self":[{"href":"https:\/\/signo3d.com\/en\/wp-json\/wp\/v2\/pages\/1957","targetHints":{"allow":["GET"]}}],"collection":[{"href":"https:\/\/signo3d.com\/en\/wp-json\/wp\/v2\/pages"}],"about":[{"href":"https:\/\/signo3d.com\/en\/wp-json\/wp\/v2\/types\/page"}],"author":[{"embeddable":true,"href":"https:\/\/signo3d.com\/en\/wp-json\/wp\/v2\/users\/1"}],"replies":[{"embeddable":true,"href":"https:\/\/signo3d.com\/en\/wp-json\/wp\/v2\/comments?post=1957"}],"version-history":[{"count":11,"href":"https:\/\/signo3d.com\/en\/wp-json\/wp\/v2\/pages\/1957\/revisions"}],"predecessor-version":[{"id":3937,"href":"https:\/\/signo3d.com\/en\/wp-json\/wp\/v2\/pages\/1957\/revisions\/3937"}],"wp:attachment":[{"href":"https:\/\/signo3d.com\/en\/wp-json\/wp\/v2\/media?parent=1957"}],"curies":[{"name":"wp","href":"https:\/\/api.w.org\/{rel}","templated":true}]}}